{"id":77,"date":"2019-04-10T23:14:46","date_gmt":"2019-04-10T21:14:46","guid":{"rendered":"http:\/\/vps670844.ovh.net\/?page_id=77"},"modified":"2019-04-10T23:14:46","modified_gmt":"2019-04-10T21:14:46","slug":"waldhonig","status":"publish","type":"page","link":"http:\/\/www.immen-honig.de\/index.php\/waldhonig\/","title":{"rendered":"Waldhonig"},"content":{"rendered":"\n<p><strong>Trachtpflanze:<\/strong> in diesem Fall sitzen die L\u00e4use auf B\u00e4umen und scheiden Honigtau aus, den die Bienen sammeln.<\/p>\n\n\n\n<p><strong>Geschmack:<\/strong> w\u00fcrzig<\/p>\n\n\n\n<p><strong>Aussehen:<\/strong> dunkelbraun<\/p>\n","protected":false},"excerpt":{"rendered":"<p>Trachtpflanze: in diesem Fall sitzen die L\u00e4use auf B\u00e4umen und scheiden Honigtau aus, den die Bienen sammeln. Geschmack: w\u00fcrzig Aussehen: dunkelbraun<\/p>\n","protected":false},"author":1,"featured_media":0,"parent":0,"menu_order":0,"comment_status":"closed","ping_status":"closed","template":"","meta":[],"_links":{"self":[{"href":"http:\/\/www.immen-honig.de\/index.php\/wp-json\/wp\/v2\/pages\/77"}],"collection":[{"href":"http:\/\/www.immen-honig.de\/index.php\/wp-json\/wp\/v2\/pages"}],"about":[{"href":"http:\/\/www.immen-honig.de\/index.php\/wp-json\/wp\/v2\/types\/page"}],"author":[{"embeddable":true,"href":"http:\/\/www.immen-honig.de\/index.php\/wp-json\/wp\/v2\/users\/1"}],"replies":[{"embeddable":true,"href":"http:\/\/www.immen-honig.de\/index.php\/wp-json\/wp\/v2\/comments?post=77"}],"version-history":[{"count":1,"href":"http:\/\/www.immen-honig.de\/index.php\/wp-json\/wp\/v2\/pages\/77\/revisions"}],"predecessor-version":[{"id":79,"href":"http:\/\/www.immen-honig.de\/index.php\/wp-json\/wp\/v2\/pages\/77\/revisions\/79"}],"wp:attachment":[{"href":"http:\/\/www.immen-honig.de\/index.php\/wp-json\/wp\/v2\/media?parent=77"}],"curies":[{"name":"wp","href":"https:\/\/api.w.org\/{rel}","templated":true}]}}