{"id":69,"date":"2019-04-10T23:09:25","date_gmt":"2019-04-10T21:09:25","guid":{"rendered":"http:\/\/vps670844.ovh.net\/?page_id=69"},"modified":"2019-04-27T13:31:34","modified_gmt":"2019-04-27T11:31:34","slug":"imkereien-in-der-naehe","status":"publish","type":"page","link":"http:\/\/www.immen-honig.de\/index.php\/imkereien-in-der-naehe\/","title":{"rendered":"Imkereien in der N\u00e4he"},"content":{"rendered":"\n<p>Bei mir gibt es gerade keinen Honig mehr? Nun, da ist dann leider nichts zu machen.  Bienen sind sprichw\u00f6rtlich flei\u00dfig, aber sie arbeiten nicht auf Zuruf.<\/p>\n\n\n\n<p>Zum Gl\u00fcck gibt es viele andere Imkereien in unserer Region, die ebenfalls im Kreis-Imkerverein Ingelheim-Bingen organisiert sind. Vielleicht gibt es da ja noch etwas zu holen.<\/p>\n\n<!-- NOTE: If you need to make changes to this file, copy it to your current theme's main\n\tdirectory so your changes won't be overwritten when the plugin is upgraded. -->\n\n<!-- Post Wrap Start-->\n<div class=\"post hentry ivycat-post\">\n\n\t<!-- \tThis outputs the post TITLE -->\n\t<h2 class=\"entry-title\"><a href=\"http:\/\/www.immen-honig.de\/index.php\/2019\/04\/10\/55437-nieder-hilbersheim\/\">55437 Nieder-Hilbersheim<\/a><\/h2>\n\n\t<!-- \tThis outputs the post EXCERPT.  To display full content including images and html,\n\t\treplace the_excerpt(); with the_content();  below. -->\n\t<div class=\"entry-summary\">\n\t\t<p>Imkerei Vlad Blesch | Haspelgasse 9 | Telefon: 06728 951327 | imkerei.blesch@t-online.de | Jeden Samstag auf dem Wochenmarkt vor der Maler-Becker-Schule in Gonsenheim. Kauft blo\u00df nicht seinen Edelkastanienhonig, der macht s\u00fcchtig!<\/p>\n\t<\/div>\n\n\t<!--\tThis outputs the post META information -->\n\t<div class=\"entry-utility\">\n\t\t\t\t\t<span class=\"cat-links\">\n<!--\t\t\t\t<span class=\"entry-utility-prep entry-utility-prep-cat-links\">Posted in<\/span> <a href=\"http:\/\/www.immen-honig.de\/index.php\/category\/imkereien\/\" rel=\"category tag\">Imkereien in der N\u00e4he<\/a> \n\t\t\t<\/span>\n\t\t\t<span class=\"meta-sep\">|<\/span> -->\n\t\t\t\t<!--\n\t\t<span class=\"comments-link\">\n\t\t\t<a href=\"http:\/\/www.immen-honig.de\/index.php\/2019\/04\/10\/55437-nieder-hilbersheim\/#respond\">Leave a comment<\/a>\t\t<\/span>\n-->\n\t\t\t<\/div>\n<\/div>\n<!-- \/\/ Post Wrap End -->\n\n<!-- NOTE: If you need to make changes to this file, copy it to your current theme's main\n\tdirectory so your changes won't be overwritten when the plugin is upgraded. -->\n\n<!-- Post Wrap Start-->\n<div class=\"post hentry ivycat-post\">\n\n\t<!-- \tThis outputs the post TITLE -->\n\t<h2 class=\"entry-title\"><a href=\"http:\/\/www.immen-honig.de\/index.php\/2019\/04\/10\/55576-sprendlingen\/\">55576 Sprendlingen<\/a><\/h2>\n\n\t<!-- \tThis outputs the post EXCERPT.  To display full content including images and html,\n\t\treplace the_excerpt(); with the_content();  below. -->\n\t<div class=\"entry-summary\">\n\t\t<p>Imkerei Franz Wassermann | Anton-Bruckner-Str. 9 | Tel.: 06701-2841 | wasserma(at)aol.com<\/p>\n\t<\/div>\n\n\t<!--\tThis outputs the post META information -->\n\t<div class=\"entry-utility\">\n\t\t\t\t\t<span class=\"cat-links\">\n<!--\t\t\t\t<span class=\"entry-utility-prep entry-utility-prep-cat-links\">Posted in<\/span> <a href=\"http:\/\/www.immen-honig.de\/index.php\/category\/imkereien\/\" rel=\"category tag\">Imkereien in der N\u00e4he<\/a> \n\t\t\t<\/span>\n\t\t\t<span class=\"meta-sep\">|<\/span> -->\n\t\t\t\t<!--\n\t\t<span class=\"comments-link\">\n\t\t\t<a href=\"http:\/\/www.immen-honig.de\/index.php\/2019\/04\/10\/55576-sprendlingen\/#respond\">Leave a comment<\/a>\t\t<\/span>\n-->\n\t\t\t<\/div>\n<\/div>\n<!-- \/\/ Post Wrap End -->\n\n","protected":false},"excerpt":{"rendered":"<p>Bei mir gibt es gerade keinen Honig mehr? Nun, da ist dann leider nichts zu machen. Bienen sind sprichw\u00f6rtlich flei\u00dfig, aber sie arbeiten nicht auf Zuruf. Zum Gl\u00fcck gibt es viele andere Imkereien in unserer Region, die ebenfalls im Kreis-Imkerverein Ingelheim-Bingen organisiert sind. Vielleicht gibt es da ja noch etwas zu holen.<\/p>\n","protected":false},"author":1,"featured_media":0,"parent":0,"menu_order":0,"comment_status":"closed","ping_status":"closed","template":"","meta":[],"_links":{"self":[{"href":"http:\/\/www.immen-honig.de\/index.php\/wp-json\/wp\/v2\/pages\/69"}],"collection":[{"href":"http:\/\/www.immen-honig.de\/index.php\/wp-json\/wp\/v2\/pages"}],"about":[{"href":"http:\/\/www.immen-honig.de\/index.php\/wp-json\/wp\/v2\/types\/page"}],"author":[{"embeddable":true,"href":"http:\/\/www.immen-honig.de\/index.php\/wp-json\/wp\/v2\/users\/1"}],"replies":[{"embeddable":true,"href":"http:\/\/www.immen-honig.de\/index.php\/wp-json\/wp\/v2\/comments?post=69"}],"version-history":[{"count":12,"href":"http:\/\/www.immen-honig.de\/index.php\/wp-json\/wp\/v2\/pages\/69\/revisions"}],"predecessor-version":[{"id":106,"href":"http:\/\/www.immen-honig.de\/index.php\/wp-json\/wp\/v2\/pages\/69\/revisions\/106"}],"wp:attachment":[{"href":"http:\/\/www.immen-honig.de\/index.php\/wp-json\/wp\/v2\/media?parent=69"}],"curies":[{"name":"wp","href":"https:\/\/api.w.org\/{rel}","templated":true}]}}