{"id":28,"date":"2019-04-10T21:18:56","date_gmt":"2019-04-10T19:18:56","guid":{"rendered":"http:\/\/vps670844.ovh.net\/?page_id=28"},"modified":"2019-04-28T22:26:10","modified_gmt":"2019-04-28T20:26:10","slug":"honig","status":"publish","type":"page","link":"http:\/\/www.immen-honig.de\/index.php\/honig\/","title":{"rendered":"Honig"},"content":{"rendered":"\n<p>Bienen sind so wahnsinnig faszinierend, weil sie einen Staat bilden, der perfekt organisiert ist.  Und dann produzieren sie auch noch etwas, was ich unglaublich lecker finde: Honig!<\/p>\n\n\n\n<figure class=\"wp-block-image is-resized\"><img loading=\"lazy\" src=\"http:\/\/vps670844.ovh.net\/wp-content\/uploads\/2019\/04\/honey-352205_1920-1024x683.jpg\" alt=\"\" class=\"wp-image-33\" width=\"1024\" height=\"683\" srcset=\"http:\/\/www.immen-honig.de\/wp-content\/uploads\/2019\/04\/honey-352205_1920-1024x683.jpg 1024w, http:\/\/www.immen-honig.de\/wp-content\/uploads\/2019\/04\/honey-352205_1920-300x200.jpg 300w, http:\/\/www.immen-honig.de\/wp-content\/uploads\/2019\/04\/honey-352205_1920-768x512.jpg 768w, http:\/\/www.immen-honig.de\/wp-content\/uploads\/2019\/04\/honey-352205_1920.jpg 1920w\" sizes=\"(max-width: 767px) 89vw, (max-width: 1000px) 54vw, (max-width: 1071px) 543px, 580px\" \/><figcaption>Honig in neutralen Gl\u00e4sern. Die Verarbeitung dieses tollen Lebensmittels ist eine Vertrauensfrage.<\/figcaption><\/figure>\n\n\n\n<p>Streng genommen gibt es zwei Arten von Honig. Wikipedia schreibt dazu:<\/p>\n\n\n\n<blockquote class=\"wp-block-quote\"><p><strong>Honig<\/strong>&nbsp;(lateinisch und apothekersprachlich&nbsp;<strong>Mel<\/strong>) ist ein von&nbsp;<a href=\"https:\/\/de.wikipedia.org\/wiki\/Honigbienen\">Honigbienen<\/a>&nbsp;zur eigenen Nahrungsvorsorge erzeugtes und vom Menschen genutztes&nbsp;<a href=\"https:\/\/de.wikipedia.org\/wiki\/Lebensmittel\">Lebensmittel<\/a>&nbsp;aus dem&nbsp;<a href=\"https:\/\/de.wikipedia.org\/wiki\/Nektar_(Botanik)\">Nektar<\/a>&nbsp;von&nbsp;<a href=\"https:\/\/de.wikipedia.org\/wiki\/Bl%C3%BCte\">Bl\u00fcten<\/a>&nbsp;oder den zuckerhaltigen Ausscheidungsprodukten verschiedener&nbsp;<a href=\"https:\/\/de.wikipedia.org\/wiki\/Insekten\">Insekten<\/a>, dem sogenannten&nbsp;<a href=\"https:\/\/de.wikipedia.org\/wiki\/Honigtau\">Honigtau<\/a>.<\/p><cite>wikipedia \/ \u201eCreative Commons Attribution\/Share Alike\u201c<br><\/cite><\/blockquote>\n\n\n\n<p>Waldhonig ist ein Beispiel f\u00fcr Honig aus Honigtau.<\/p>\n\n\n\n<p>Meine Bienen stehen derzeit an Pl\u00e4tzen, an denen Bl\u00fctenhonig als Tracht zu erwarten ist.  Aber Bienen haben da manchmal ihren eigenen Kopf und halten sich nicht immer an den Plan ihres Halters. Im Umkreis von drei Kilometern sammeln sie Nektar oder eben Honigtau ein. Deswegen schmeckt jeder Honig anders. In den meisten F\u00e4llen vor allem richtig lecker.<\/p>\n\n\n\n<h2>Sachkundiger Umgang mit Honig<\/h2>\n\n\n\n<p>Die Bienen erledigen den Gro\u00dfteil der Arbeit in einer Imkerei. Vor allem den Teil, den ein Mensch niemals schaffen k\u00f6nnte. Imkerin und Imker m\u00fcssen nur noch daf\u00fcr sorgen, dass der Honig von der Wabe ins Glas kommt. Mir ist bewusst, dass Honig ein empfindliches Lebensmittel ist, deswegen habe ich an einem speziellen Honiglehrgang teilgenommen, um den richtigen Umgang mit dem s\u00fc\u00dfen Naturprodukt zu erlernen.<\/p>\n\n\n\n<figure class=\"wp-block-image\"><img loading=\"lazy\" width=\"721\" height=\"1024\" style=\"border: 1px solid #000000;\" src=\"http:\/\/vps670844.ovh.net\/wp-content\/uploads\/2019\/04\/2018-00001_Zertifikat_Honigsachkunde-721x1024.jpg\" alt=\"\" class=\"wp-image-143\" srcset=\"http:\/\/www.immen-honig.de\/wp-content\/uploads\/2019\/04\/2018-00001_Zertifikat_Honigsachkunde-721x1024.jpg 721w, http:\/\/www.immen-honig.de\/wp-content\/uploads\/2019\/04\/2018-00001_Zertifikat_Honigsachkunde-211x300.jpg 211w, http:\/\/www.immen-honig.de\/wp-content\/uploads\/2019\/04\/2018-00001_Zertifikat_Honigsachkunde-768x1091.jpg 768w, http:\/\/www.immen-honig.de\/wp-content\/uploads\/2019\/04\/2018-00001_Zertifikat_Honigsachkunde.jpg 1635w\" sizes=\"(max-width: 721px) 100vw, 721px\" \/><\/figure>\n\n\n\n<p>Durch diesen Fachkundenachweis bin ich berechtigt, Honig in den markanten Gl\u00e4sern des Deutschen Imkerbundes (D.I.B.) abzuf\u00fcllen. Andere Imker verzichten auf diese Zertifizierung und f\u00fcllen ihren Honig in neutrale Gl\u00e4ser ab. Deren Honig ist sicherlich genauso gut. Ich habe noch nicht f\u00fcr mich entschieden, ob ich immer bei den teuren D.I.B.-Gl\u00e4sern bleiben werde, aber ich bin froh, dass ich an dem Honiglehrgang teilgenommen und etwas \u00fcber Hygiene und Lebensmittelsicherheit gelernt habe.<\/p>\n","protected":false},"excerpt":{"rendered":"<p>Bienen sind so wahnsinnig faszinierend, weil sie einen Staat bilden, der perfekt organisiert ist. Und dann produzieren sie auch noch etwas, was ich unglaublich lecker finde: Honig! Streng genommen gibt es zwei Arten von Honig. Wikipedia schreibt dazu: Honig&nbsp;(lateinisch und apothekersprachlich&nbsp;Mel) ist ein von&nbsp;Honigbienen&nbsp;zur eigenen Nahrungsvorsorge erzeugtes und vom Menschen genutztes&nbsp;Lebensmittel&nbsp;aus dem&nbsp;Nektar&nbsp;von&nbsp;Bl\u00fcten&nbsp;oder den zuckerhaltigen Ausscheidungsprodukten &hellip; <\/p>\n<p class=\"link-more\"><a href=\"http:\/\/www.immen-honig.de\/index.php\/honig\/\" class=\"more-link\"><span class=\"screen-reader-text\">\u201eHonig\u201c<\/span> weiterlesen<\/a><\/p>\n","protected":false},"author":1,"featured_media":0,"parent":0,"menu_order":0,"comment_status":"closed","ping_status":"closed","template":"","meta":[],"_links":{"self":[{"href":"http:\/\/www.immen-honig.de\/index.php\/wp-json\/wp\/v2\/pages\/28"}],"collection":[{"href":"http:\/\/www.immen-honig.de\/index.php\/wp-json\/wp\/v2\/pages"}],"about":[{"href":"http:\/\/www.immen-honig.de\/index.php\/wp-json\/wp\/v2\/types\/page"}],"author":[{"embeddable":true,"href":"http:\/\/www.immen-honig.de\/index.php\/wp-json\/wp\/v2\/users\/1"}],"replies":[{"embeddable":true,"href":"http:\/\/www.immen-honig.de\/index.php\/wp-json\/wp\/v2\/comments?post=28"}],"version-history":[{"count":9,"href":"http:\/\/www.immen-honig.de\/index.php\/wp-json\/wp\/v2\/pages\/28\/revisions"}],"predecessor-version":[{"id":155,"href":"http:\/\/www.immen-honig.de\/index.php\/wp-json\/wp\/v2\/pages\/28\/revisions\/155"}],"wp:attachment":[{"href":"http:\/\/www.immen-honig.de\/index.php\/wp-json\/wp\/v2\/media?parent=28"}],"curies":[{"name":"wp","href":"https:\/\/api.w.org\/{rel}","templated":true}]}}