{"id":2,"date":"2019-04-04T21:00:05","date_gmt":"2019-04-04T21:00:05","guid":{"rendered":"http:\/\/51.75.75.66\/?page_id=2"},"modified":"2019-04-10T20:33:47","modified_gmt":"2019-04-10T18:33:47","slug":"sample-page","status":"publish","type":"page","link":"http:\/\/www.immen-honig.de\/","title":{"rendered":"Vielen Dank f\u00fcr den Honig"},"content":{"rendered":"<p>Die Imkerei ist schon ein verr\u00fccktes Hobby. Wir Imker hegen und pflegen unsere Bienenv\u00f6lker, um ihnen dann das Ergebnis ihrer unendlichen Bem\u00fchungen einfach wegzunehmen! Kiloweise Honig haben die kleinen Insekten im Fr\u00fchling und Sommer emsig zusammengetragen &#8211; Tr\u00f6pfchen f\u00fcr Tr\u00f6pfchen. Was f\u00fcr ein unfassbarer Flei\u00df.<\/p>\n<p>Honig ist im Supermarkt bedeutend g\u00fcnstiger als beim Imker. Wer glaubt, dass ein Imker einen dicken Reibach macht, der liegt falsch: Artgerechte Bienenhaltung ist nicht billig. Die Einnahmen aus dem Honigverkauf sind ein Zuschuss zum Hobby, mehr nicht. Wer reich werden m\u00f6chte, sucht sich lieber eine andere Besch\u00e4ftigung.<\/p>\n<p>Der Titel &#8222;Imkerei&#8220; geht mir nicht so einfach \u00fcber die Lippen, weil da das Gesch\u00e4ftliche, das Professionelle mitschwingt. Ich versuche, meine V\u00f6lker so zu halten, dass sie sich pr\u00e4chtig entwickeln und ein wenig Honig entbehren k\u00f6nnen. Wenn am Ende ein paar Gl\u00e4ser \u00fcbrig bleiben, dann gebe ich sie gerne f\u00fcr einen kleinen Obolus her.<\/p>\n\n\n<p><\/p>\n","protected":false},"excerpt":{"rendered":"<p>Die Imkerei ist schon ein verr\u00fccktes Hobby. Wir Imker hegen und pflegen unsere Bienenv\u00f6lker, um ihnen dann das Ergebnis ihrer unendlichen Bem\u00fchungen einfach wegzunehmen! Kiloweise Honig haben die kleinen Insekten im Fr\u00fchling und Sommer emsig zusammengetragen &#8211; Tr\u00f6pfchen f\u00fcr Tr\u00f6pfchen. Was f\u00fcr ein unfassbarer Flei\u00df. Honig ist im Supermarkt bedeutend g\u00fcnstiger als beim Imker. Wer &hellip; <\/p>\n<p class=\"link-more\"><a href=\"http:\/\/www.immen-honig.de\/\" class=\"more-link\"><span class=\"screen-reader-text\">\u201eVielen Dank f\u00fcr den Honig\u201c<\/span> weiterlesen<\/a><\/p>\n","protected":false},"author":1,"featured_media":0,"parent":0,"menu_order":0,"comment_status":"closed","ping_status":"open","template":"","meta":[],"_links":{"self":[{"href":"http:\/\/www.immen-honig.de\/index.php\/wp-json\/wp\/v2\/pages\/2"}],"collection":[{"href":"http:\/\/www.immen-honig.de\/index.php\/wp-json\/wp\/v2\/pages"}],"about":[{"href":"http:\/\/www.immen-honig.de\/index.php\/wp-json\/wp\/v2\/types\/page"}],"author":[{"embeddable":true,"href":"http:\/\/www.immen-honig.de\/index.php\/wp-json\/wp\/v2\/users\/1"}],"replies":[{"embeddable":true,"href":"http:\/\/www.immen-honig.de\/index.php\/wp-json\/wp\/v2\/comments?post=2"}],"version-history":[{"count":1,"href":"http:\/\/www.immen-honig.de\/index.php\/wp-json\/wp\/v2\/pages\/2\/revisions"}],"predecessor-version":[{"id":12,"href":"http:\/\/www.immen-honig.de\/index.php\/wp-json\/wp\/v2\/pages\/2\/revisions\/12"}],"wp:attachment":[{"href":"http:\/\/www.immen-honig.de\/index.php\/wp-json\/wp\/v2\/media?parent=2"}],"curies":[{"name":"wp","href":"https:\/\/api.w.org\/{rel}","templated":true}]}}